{"id":683,"date":"2016-04-07T17:46:15","date_gmt":"2016-04-07T17:46:15","guid":{"rendered":"http:\/\/lacmercier.ca\/?page_id=683"},"modified":"2025-06-28T17:35:36","modified_gmt":"2025-06-28T21:35:36","slug":"contact-us","status":"publish","type":"page","link":"https:\/\/lacmercier.ca\/en\/contact-us\/","title":{"rendered":"Contact us &#8211; Become a member"},"content":{"rendered":"\r\n<div class=\"wp-block-image\">\r\n<figure class=\"aligncenter\"><a href=\"http:\/\/lacmercier.ca\/wp-content\/uploads\/2016\/05\/Accueil.jpg\"><img loading=\"lazy\" decoding=\"async\" width=\"300\" height=\"94\" class=\"wp-image-1625 aligncenter\" src=\"http:\/\/lacmercier.ca\/wp-content\/uploads\/2016\/05\/Accueil-300x94.jpg\" alt=\"\" srcset=\"https:\/\/lacmercier.ca\/wp-content\/uploads\/2016\/05\/Accueil-300x94.jpg 300w, https:\/\/lacmercier.ca\/wp-content\/uploads\/2016\/05\/Accueil-768x241.jpg 768w, https:\/\/lacmercier.ca\/wp-content\/uploads\/2016\/05\/Accueil-1024x322.jpg 1024w, https:\/\/lacmercier.ca\/wp-content\/uploads\/2016\/05\/Accueil.jpg 1328w\" sizes=\"auto, (max-width: 300px) 100vw, 300px\" \/><\/a><\/figure>\r\n<\/div>\r\n\r\n\r\n\r\n<h5 class=\"has-text-align-center wp-block-heading\" style=\"text-align: center;\"><span style=\"font-family: Arial, Helvetica, sans-serif;\"><strong>Executive Committee:<\/strong><\/span><\/h5>\r\n<p><span style=\"font-family: Arial, Helvetica, sans-serif;\">\r\n\r\n<\/span><\/p>\r\n<p class=\"has-text-align-center has-text-color\" style=\"color: #142de7; text-align: center;\"><span style=\"color: #000000; font-family: Arial, Helvetica, sans-serif; font-size: 12pt;\"><strong>Patrice Vachon<\/strong><strong> , President<\/strong><\/span><\/p>\r\n<p><span style=\"color: #000000; font-family: Arial, Helvetica, sans-serif; font-size: 12pt;\">\r\n\r\n<\/span><\/p>\r\n<p><span style=\"color: #000000; font-family: Arial, Helvetica, sans-serif; font-size: 12pt;\">\r\n\r\n<\/span><\/p>\r\n<p style=\"text-align: center;\"><span style=\"font-family: Arial, Helvetica, sans-serif; font-size: 12pt; color: #000000;\"><strong>Fran\u00e7ois Raymond, Secretary<\/strong><\/span><\/p>\r\n<p class=\"has-text-align-center has-text-color\" style=\"color: #142de7; text-align: center;\"><span style=\"color: #000000; font-family: Arial, Helvetica, sans-serif; font-size: 12pt;\"><strong>Th\u00e9r\u00e8se Borduas, Treasurer<\/strong><\/span><\/p>\r\n<p><span style=\"color: #000000; font-family: Arial, Helvetica, sans-serif; font-size: 12pt;\">\r\n\r\n<\/span><\/p>\r\n<p style=\"text-align: center;\"><span style=\"font-family: Arial, Helvetica, sans-serif; font-size: 12pt; color: #000000;\"><strong>Scott Hayward, Administrator<\/strong><\/span><\/p>\r\n<p style=\"text-align: center;\"><span style=\"color: #000000;\"><strong><span style=\"font-family: Arial, Helvetica, sans-serif; font-size: 12pt;\">Guy Korngold, Administrator<\/span><\/strong><\/span><\/p>\r\n<p style=\"text-align: center;\"><span style=\"font-family: Arial, Helvetica, sans-serif; font-size: 12pt; color: #000000;\"><strong>Pierre-Luc Lapar\u00e9, Administrator<\/strong><\/span><\/p>\r\n<p><span style=\"color: #000000; font-family: Arial, Helvetica, sans-serif; font-size: 12pt;\">\r\n\r\n<\/span><\/p>\r\n<p class=\"has-text-align-center has-text-color\" style=\"color: #142de7; text-align: center;\"><span style=\"color: #000000; font-family: Arial, Helvetica, sans-serif; font-size: 12pt;\"><strong>Gabriel L\u00e9pine,\u00a0Administrator<\/strong><\/span><\/p>\r\n<p><span style=\"color: #000000; font-family: Arial, Helvetica, sans-serif; font-size: 12pt;\">\r\n\r\n<\/span><\/p>\r\n<p class=\"has-text-align-center has-text-color\" style=\"color: #142de7; text-align: center;\"><span style=\"color: #000000; font-family: Arial, Helvetica, sans-serif; font-size: 12pt;\"><strong>Michel Perras,\u00a0 Administrator.<\/strong><\/span><\/p>\r\n<p style=\"text-align: center;\">\u00a0<\/p>\r\n<p><span style=\"font-family: Arial, Helvetica, sans-serif; font-size: 12pt;\">\r\n\r\n<\/span><\/p>\r\n<p><a href=\"https:\/\/lacmercier.ca\/wp-content\/uploads\/2025\/06\/photos-groupe-2025-2026.jpg\"><img loading=\"lazy\" decoding=\"async\" class=\"aligncenter wp-image-6261 size-full\" src=\"https:\/\/lacmercier.ca\/wp-content\/uploads\/2025\/06\/photos-groupe-2025-2026.jpg\" alt=\"\" width=\"1195\" height=\"348\" srcset=\"https:\/\/lacmercier.ca\/wp-content\/uploads\/2025\/06\/photos-groupe-2025-2026.jpg 1195w, https:\/\/lacmercier.ca\/wp-content\/uploads\/2025\/06\/photos-groupe-2025-2026-300x87.jpg 300w, https:\/\/lacmercier.ca\/wp-content\/uploads\/2025\/06\/photos-groupe-2025-2026-1024x298.jpg 1024w, https:\/\/lacmercier.ca\/wp-content\/uploads\/2025\/06\/photos-groupe-2025-2026-768x224.jpg 768w\" sizes=\"auto, (max-width: 1195px) 100vw, 1195px\" \/><\/a><\/p>\r\n<p>&nbsp;<\/p>\r\n<p>&nbsp;<\/p>\r\n<p>&nbsp;<\/p>\r\n<p>&nbsp;<\/p>\r\n<p>&nbsp;<\/p>\r\n<p>&nbsp;<\/p>\r\n<hr \/>\r\n<p><span style=\"font-family: Arial, Helvetica, sans-serif;\">\r\n\r\n\r\n\r\n<\/span><\/p>\r\n<h5 style=\"text-align: center;\"><span style=\"font-family: Arial, Helvetica, sans-serif;\"><strong>\u00a0<\/strong><\/span><\/h5>\r\n<h5 style=\"text-align: center;\"><span style=\"font-family: Arial, Helvetica, sans-serif;\"><strong>Being a member<\/strong><\/span><\/h5>\r\n<p><span style=\"font-family: Arial, Helvetica, sans-serif;\">\r\n\r\n<\/span><\/p>\r\n<div class=\"wp-block-image\">\r\n<figure class=\"aligncenter\">\r\n<figure id=\"attachment_2513\" aria-describedby=\"caption-attachment-2513\" style=\"width: 300px\" class=\"wp-caption aligncenter\"><img loading=\"lazy\" decoding=\"async\" class=\"wp-image-2513\" src=\"http:\/\/lacmercier.ca\/wp-content\/uploads\/2016\/05\/DSCF3044-1140x855-300x225.jpg\" alt=\"\" width=\"300\" height=\"225\" srcset=\"https:\/\/lacmercier.ca\/wp-content\/uploads\/2016\/05\/DSCF3044-1140x855-300x225.jpg 300w, https:\/\/lacmercier.ca\/wp-content\/uploads\/2016\/05\/DSCF3044-1140x855-768x576.jpg 768w, https:\/\/lacmercier.ca\/wp-content\/uploads\/2016\/05\/DSCF3044-1140x855-1024x768.jpg 1024w, https:\/\/lacmercier.ca\/wp-content\/uploads\/2016\/05\/DSCF3044-1140x855.jpg 1140w\" sizes=\"auto, (max-width: 300px) 100vw, 300px\" \/><figcaption id=\"caption-attachment-2513\" class=\"wp-caption-text\"><span style=\"font-family: Arial, Helvetica, sans-serif;\">Coll. France Grondin<\/span><\/figcaption><\/figure>\r\n<\/figure>\r\n<\/div>\r\n<p><span style=\"font-family: Arial, Helvetica, sans-serif;\">\r\n\r\n<\/span><\/p>\r\n<p class=\"has-text-align-center\" style=\"text-align: center;\"><span style=\"font-family: Arial, Helvetica, sans-serif; font-size: 12pt;\"><strong>Because you love your lake, help us to protect it by joining l\u2019Association du lac Mercier.<\/strong><\/span><\/p>\r\n<p style=\"text-align: center;\"><span style=\"font-family: Arial, Helvetica, sans-serif; font-size: 12pt;\"><a href=\"https:\/\/lacmercier.ca\/en\/being-a-member\/\"><strong><span style=\"color: #0000ff;\">Who can become a Member<\/span><\/strong><\/a><\/span><\/p>\r\n<p style=\"text-align: center;\"><span style=\"font-family: Arial, Helvetica, sans-serif; font-size: 12pt;\"><strong>&#8211; &#8211; &#8211; &#8211; &#8211;<br \/><\/strong><\/span><\/p>\r\n<h6 style=\"text-align: center;\"><span style=\"font-size: 12pt;\"><strong>Become a member<\/strong><\/span><\/h6>\r\n<p style=\"text-align: center;\"><span style=\"font-family: Arial, Helvetica, sans-serif; font-size: 12pt;\"><strong>Send your membership dues to become an active member<\/strong><strong> <br \/><\/strong><\/span><\/p>\r\n<p style=\"text-align: left;\">\u00a0<\/p>\r\n<ul>\r\n<li class=\"has-text-align-center\" style=\"text-align: left;\"><span style=\"font-family: Arial, Helvetica, sans-serif; font-size: 12pt;\"><strong><span style=\"color: #000000;\">Return your <\/span><\/strong><a href=\"https:\/\/lacmercier.ca\/wp-content\/uploads\/2025\/03\/Formulaire-Cotisation-Membership-2025-2026-2.pdf\"><strong><span style=\"color: #0000ff;\">completed Membership form<\/span><\/strong><\/a><strong><span style=\"color: #000000;\"> by email at:<\/span><\/strong><\/span><\/li>\r\n<\/ul>\r\n<p class=\"has-text-align-center\" style=\"padding-left: 120px; text-align: left;\"><span style=\"font-family: Arial, Helvetica, sans-serif; color: #0000ff; font-size: 12pt;\"><a style=\"color: #0000ff;\" href=\"mailto:info@lacmercier.ca\"><strong> info@lacmercier.ca<\/strong><\/a><\/span><\/p>\r\n<p><span style=\"font-family: Arial, Helvetica, sans-serif; font-size: 12pt;\">\r\n\r\n<\/span><\/p>\r\n<p><span style=\"font-family: Arial, Helvetica, sans-serif; font-size: 12pt;\">\r\n\r\n<\/span><\/p>\r\n<p class=\"has-text-align-center\" style=\"padding-left: 120px; text-align: left;\"><strong><span style=\"font-family: Arial, Helvetica, sans-serif; font-size: 12pt;\">and <\/span><\/strong><\/p>\r\n<ul>\r\n<li class=\"has-text-align-center\" style=\"text-align: left;\"><span style=\"font-family: Arial, Helvetica, sans-serif; font-size: 12pt;\"><strong>Pay your annual dues<\/strong> by:<\/span><\/li>\r\n<\/ul>\r\n<p><span style=\"font-family: Arial, Helvetica, sans-serif;\">\r\n\r\n<\/span><\/p>\r\n<p><span style=\"font-family: Arial, Helvetica, sans-serif;\">\r\n\r\n<\/span><\/p>\r\n<p style=\"text-align: left; padding-left: 80px;\"><span style=\"font-size: 14pt; font-family: Arial, Helvetica, sans-serif;\"><strong><span style=\"font-size: 12pt;\">&#8211; Interac transfer <img loading=\"lazy\" decoding=\"async\" class=\"alignnone  wp-image-5619\" src=\"http:\/\/lacmercier.ca\/wp-content\/uploads\/2022\/03\/Interac-logo.png\" alt=\"\" width=\"121\" height=\"39\" \/> <\/span><\/strong><\/span><\/p>\r\n<p style=\"padding-left: 80px;\"><span style=\"font-size: 14pt; font-family: Arial, Helvetica, sans-serif;\"><strong><span style=\"font-size: 12pt;\">-or send a cheque by mail\u00a0 (address below)<br \/><\/span><\/strong><\/span><\/p>\r\n<p><span style=\"font-family: Arial, Helvetica, sans-serif;\">\r\n\r\n<\/span><\/p>\r\n<p><span style=\"color: #0000ff; font-family: Arial, Helvetica, sans-serif;\">\r\n\r\n<\/span><\/p>\r\n<p><span style=\"font-family: Arial, Helvetica, sans-serif;\">\r\n\r\n<\/span><\/p>\r\n<p><span style=\"font-family: Arial, Helvetica, sans-serif;\">\r\n\r\n<\/span><\/p>\r\n<p>&nbsp;<\/p>\r\n<p><span style=\"font-family: Arial, Helvetica, sans-serif;\">\r\n\r\n<\/span><\/p>\r\n<h6 class=\"has-text-align-center\" style=\"text-align: center;\"><span style=\"font-family: Arial, Helvetica, sans-serif; font-size: 12pt;\"><strong>Usage of membership fees:<\/strong><\/span><\/h6>\r\n<p><span style=\"font-family: Arial, Helvetica, sans-serif; font-size: 12pt;\">\r\n\r\n<\/span><\/p>\r\n<p class=\"has-text-align-left\" style=\"text-align: left;\"><span style=\"font-family: Arial, Helvetica, sans-serif; font-size: 12pt;\">Certain projects require disbursements, for example:<\/span><\/p>\r\n<p><span style=\"font-family: Arial, Helvetica, sans-serif; font-size: 12pt;\">\r\n\r\n<\/span><\/p>\r\n<p style=\"padding-left: 80px; text-align: left;\"><span style=\"font-family: Arial, Helvetica, sans-serif; font-size: 12pt;\">&#8211; Membership fees in different environmental\u00a0 organizations that share our goals,<\/span><\/p>\r\n<p style=\"text-align: left;\"><span style=\"font-family: Arial, Helvetica, sans-serif; font-size: 12pt;\">\r\n\r\n<\/span><\/p>\r\n<p style=\"padding-left: 80px; text-align: left;\"><span style=\"font-family: Arial, Helvetica, sans-serif; font-size: 12pt;\">&#8211; The buoys project for identification of milfoil clusters,<\/span><\/p>\r\n<p style=\"padding-left: 80px; text-align: left;\"><span style=\"font-size: 12pt;\">&#8211; Removal of water milfoil,<\/span><\/p>\r\n<p style=\"text-align: left;\"><span style=\"font-family: Arial, Helvetica, sans-serif; font-size: 12pt;\">\r\n\r\n<\/span><\/p>\r\n<p style=\"padding-left: 80px; text-align: left;\"><span style=\"font-family: Arial, Helvetica, sans-serif; font-size: 12pt;\">&#8211; Small stipends paid to invited speakers at the Annual General Meeting,<\/span><\/p>\r\n<p style=\"text-align: left;\"><span style=\"font-family: Arial, Helvetica, sans-serif; font-size: 12pt;\">\r\n\r\n<\/span><\/p>\r\n<p style=\"padding-left: 80px; text-align: left;\"><span style=\"font-family: Arial, Helvetica, sans-serif; font-size: 12pt;\">&#8211; Secretarial and postal expenses,<\/span><\/p>\r\n<p style=\"text-align: left;\"><span style=\"font-family: Arial, Helvetica, sans-serif; font-size: 12pt;\">\r\n\r\n<\/span><\/p>\r\n<p style=\"padding-left: 80px; text-align: left;\"><span style=\"font-family: Arial, Helvetica, sans-serif; font-size: 12pt;\">&#8211; Updating of the Website<\/span><\/p>\r\n<hr \/>\r\n<p><span style=\"font-family: Arial, Helvetica, sans-serif; font-size: 12pt;\">\r\n\r\n<\/span><\/p>\r\n<p style=\"text-align: center;\"><span style=\"font-family: Arial, Helvetica, sans-serif; font-size: 12pt;\">Do you have any questions or comments?<\/span><\/p>\r\n<p style=\"text-align: center;\"><span style=\"font-family: Arial, Helvetica, sans-serif;\">\r\n\r\n<\/span><\/p>\r\n<p style=\"padding-left: 40px; text-align: center;\"><span style=\"font-family: Arial, Helvetica, sans-serif;\">Contact us:<\/span><\/p>\r\n<p><span style=\"font-family: Arial, Helvetica, sans-serif;\">\r\n\r\n<\/span><\/p>\r\n<p style=\"text-align: center;\"><span style=\"font-family: Arial, Helvetica, sans-serif; font-size: 12pt;\">by email<strong>: at: \u00a0\u00a0 <\/strong><a href=\"mailto:info@lacmercier.ca\"><span style=\"color: #0000ff;\"><strong>info@lacmercier.ca<\/strong><\/span><\/a><\/span><\/p>\r\n<p><span style=\"font-family: Arial, Helvetica, sans-serif; font-size: 12pt;\">\r\n\r\n<\/span><\/p>\r\n<p style=\"text-align: center;\"><span style=\"font-family: Arial, Helvetica, sans-serif; font-size: 12pt;\">by mail:<strong> \u00a0\u00a0\u00a0\u00a0 PO Box 2703,\u00a0\u00a0\u00a0 Mont-Tremblant, Qc\u00a0\u00a0 J8E 1B1<\/strong><\/span><\/p>\r\n","protected":false},"excerpt":{"rendered":"<p>Executive Committee: Patrice Vachon , President Fran\u00e7ois Raymond, Secretary Th\u00e9r\u00e8se Borduas, Treasurer Scott Hayward, Administrator Guy Korngold, Administrator Pierre-Luc Lapar\u00e9, Administrator Gabriel L\u00e9pine,\u00a0Administrator Michel Perras,\u00a0 Administrator. \u00a0 &nbsp; &nbsp; &nbsp; &nbsp; &nbsp; &nbsp; \u00a0 Being a member Because you love your lake, help us to protect it by joining l\u2019Association du lac Mercier. Who can<span class=\"excerpt-ellipsis\">&#8230;<\/span><\/p>\n<p><a class=\"more-link\" href=\"https:\/\/lacmercier.ca\/en\/contact-us\/\" itemprop=\"url\">Continue Reading<\/a><\/p>\n","protected":false},"author":2,"featured_media":0,"parent":0,"menu_order":0,"comment_status":"closed","ping_status":"closed","template":"","meta":{"footnotes":""},"class_list":["post-683","page","type-page","status-publish","hentry"],"_links":{"self":[{"href":"https:\/\/lacmercier.ca\/en\/wp-json\/wp\/v2\/pages\/683","targetHints":{"allow":["GET"]}}],"collection":[{"href":"https:\/\/lacmercier.ca\/en\/wp-json\/wp\/v2\/pages"}],"about":[{"href":"https:\/\/lacmercier.ca\/en\/wp-json\/wp\/v2\/types\/page"}],"author":[{"embeddable":true,"href":"https:\/\/lacmercier.ca\/en\/wp-json\/wp\/v2\/users\/2"}],"replies":[{"embeddable":true,"href":"https:\/\/lacmercier.ca\/en\/wp-json\/wp\/v2\/comments?post=683"}],"version-history":[{"count":77,"href":"https:\/\/lacmercier.ca\/en\/wp-json\/wp\/v2\/pages\/683\/revisions"}],"predecessor-version":[{"id":6263,"href":"https:\/\/lacmercier.ca\/en\/wp-json\/wp\/v2\/pages\/683\/revisions\/6263"}],"wp:attachment":[{"href":"https:\/\/lacmercier.ca\/en\/wp-json\/wp\/v2\/media?parent=683"}],"curies":[{"name":"wp","href":"https:\/\/api.w.org\/{rel}","templated":true}]}}