{"id":5872,"date":"2023-08-16T16:19:56","date_gmt":"2023-08-16T20:19:56","guid":{"rendered":"https:\/\/lacmercier.ca\/?page_id=5872"},"modified":"2023-08-16T16:58:29","modified_gmt":"2023-08-16T20:58:29","slug":"rapport-j-l-courteau-myriophylle-a-epi-2023","status":"publish","type":"page","link":"https:\/\/lacmercier.ca\/en\/rapport-j-l-courteau-myriophylle-a-epi-2023\/","title":{"rendered":"Rapport J-L. Courteau &#8211; myriophylle \u00e0 \u00e9pi 2023"},"content":{"rendered":"<p style=\"text-align: center;\">GESTION DU MYRIOPHYLLE \u00c0 \u00c9PI LAC MERCIER, TREMBLANT 2023<\/p>\n<p style=\"text-align: center;\">Pr\u00e9sent\u00e9 par Jean-Louis Courteau \u00e0 l\u2019Association du Lac Mercier et la Municipalit\u00e9 de Tremblant<\/p>\n<p><a href=\"https:\/\/lacmercier.ca\/wp-content\/uploads\/2023\/08\/photo-Y.-Courteau-2023-1.jpg\"><img loading=\"lazy\" decoding=\"async\" class=\"size-medium wp-image-5860 aligncenter\" src=\"https:\/\/lacmercier.ca\/wp-content\/uploads\/2023\/08\/photo-Y.-Courteau-2023-1-300x225.jpg\" alt=\"\" width=\"300\" height=\"225\" srcset=\"https:\/\/lacmercier.ca\/wp-content\/uploads\/2023\/08\/photo-Y.-Courteau-2023-1-300x225.jpg 300w, https:\/\/lacmercier.ca\/wp-content\/uploads\/2023\/08\/photo-Y.-Courteau-2023-1-1024x767.jpg 1024w, https:\/\/lacmercier.ca\/wp-content\/uploads\/2023\/08\/photo-Y.-Courteau-2023-1-768x575.jpg 768w, https:\/\/lacmercier.ca\/wp-content\/uploads\/2023\/08\/photo-Y.-Courteau-2023-1.jpg 1043w\" sizes=\"auto, (max-width: 300px) 100vw, 300px\" \/><\/a><strong>\u00a0<\/strong><\/p>\n<p style=\"text-align: left;\"><strong>2023 <\/strong>a \u00e9t\u00e9 la seconde ann\u00e9e d\u2019un plan d\u2019arrachage du myriophylle qui id\u00e9alement devrait s\u2019\u00e9chelonner sur trois ans.<\/p>\n<p style=\"text-align: left;\">La r\u00e9colte 2023, effectu\u00e9e comme l\u2019an pass\u00e9 lors de plong\u00e9es sur tout le p\u00e9rim\u00e8tre du lac par deux plongeurs, et gr\u00e2ce \u00e0 la pr\u00e9cieuse assistance en surface des gens de l\u2019association du lac, repr\u00e9sente moins de 10% de celle de la premi\u00e8re ann\u00e9e.<\/p>\n<p style=\"text-align: left;\">Ce pourcentage est absolument conforme \u00e0 ce qui est observ\u00e9 normalement : des plants incompl\u00e8tement arrach\u00e9s auparavant (l\u2019arrachage peut \u00eatre difficile en substrat rocheux ou graveleux), des repousses dues aux boutures flottantes d\u00e9rivantes \u00e9chapp\u00e9es, ou des plants non rep\u00e9r\u00e9s auparavant.<\/p>\n<p style=\"text-align: left;\">On trouve normalement la deuxi\u00e8me ann\u00e9e autour de 15%.<\/p>\n<p style=\"text-align: left;\">La majorit\u00e9 de la r\u00e9colte 23 (autour de 150 plants) provient de l\u2019herbier principal qui avait \u00e9t\u00e9 cibl\u00e9 en 2022.<\/p>\n<p style=\"text-align: left;\">Les autres plants r\u00e9colt\u00e9s sont clairement des rejetons de cet herbier puisqu\u2019ils ont \u00e9t\u00e9 trouv\u00e9s principalement en aval des vents dominants, par plants isol\u00e9s ici et l\u00e0.<\/p>\n<p style=\"text-align: left;\">Un plant \u00e0 2 tiges poussait aussi derri\u00e8re le quai pr\u00e8s de la plage. Sans doute apport\u00e9 l\u00e0 par une embarcation.<\/p>\n<p style=\"text-align: left;\">En 2022, il y avait quelques herbiers au bout du lac (nord-ouest) sur la rive sud.<\/p>\n<p style=\"text-align: left;\">Ces herbiers ont produit eux aussi des rejetons d\u00e9rivants qui expliquent la r\u00e9colte le long du c\u00f4t\u00e9 sud de plants \u00e9pars et solitaires.<\/p>\n<p style=\"text-align: center;\">*****<\/p>\n<p style=\"text-align: left;\">La troisi\u00e8me ann\u00e9e devrait montrer une r\u00e9colte tr\u00e8s maigre de quelques plants solitaires. Il n\u2019est jamais possible de pr\u00e9tendre avoir totalement \u00e9radiqu\u00e9 le myriophylle dans un plan d\u2019eau; mais le lac est d\u2019ores et d\u00e9j\u00e0 sous contr\u00f4le, le probl\u00e8me ayant \u00e9t\u00e9 trait\u00e9 \u00e0 temps.<\/p>\n<p>Parce qu\u2019il n\u2019est pas possible d\u2019\u00eatre certain d\u2019avoir \u00e9limin\u00e9 100% de la plante, il est important que les riverains et utilisateurs du plan d\u2019eau apprennent \u00e0 reconnaitre le myriophylle et rapportent \u00e0 l\u2019association toute observation qui sera id\u00e9alement not\u00e9e sur une carte. Apr\u00e8s les trois ann\u00e9es du plan d\u2019action d\u2019arrachage, un suivi de tout le p\u00e9rim\u00e8tre en plong\u00e9e pourrait n\u2019\u00eatre fait qu\u2019aux deux ou trois ans.<\/p>\n<p>Mais il est important que toute observation soit not\u00e9e.<\/p>\n<p>Si un herbier important devait apparaitre, nous pourrions y voir rapidement et efficacement.<\/p>\n<p>En 2021-22-23, dans un autre lac des Laurentides, nous avons d\u00e9couvert un hybride de myriophylle, qui a \u00e9t\u00e9 analys\u00e9 et confirm\u00e9 comme tel par le Jardin Botanique par des<\/p>\n<p>analyses d\u2019ADN. Ce nouvel hybride est extr\u00eamement dangereux : il est, selon nos observations, tellement plus agressif et envahissant que ni l\u2019arrachage ni le b\u00e2chage n\u2019en viennent \u00e0 bout efficacement!<\/p>\n<p>Il est donc, encore plus qu\u2019avant, CAPITAL que l\u2019inspection\/lavage des embarcations \u00e9trang\u00e8res soit respect\u00e9. Vous ne voulez pas avoir la visite de cet hybride !!!<\/p>\n<p style=\"text-align: center;\">*****<\/p>\n<p style=\"text-align: left;\">Comme l\u2019an pass\u00e9, la sant\u00e9 du lac m\u2019apparait bonne. La clart\u00e9 de l\u2019eau est excellente en g\u00e9n\u00e9ral, un peu moins pr\u00e8s des embouchures de ruisseaux, ce qui est normal vu l\u2019apport de nutriments.<\/p>\n<p style=\"text-align: left;\">Les bandes riveraines sont relativement belles, sauf en quelques endroits.<\/p>\n<p>Le couvert v\u00e9g\u00e9tal en bande riveraine est la premi\u00e8re ligne de d\u00e9fense contre l\u2019apport excessifs de nutriments dans l\u2019eau, entre autres lors de fortes pluies, par ruissellement.<\/p>\n<p>Une autre source de nutriments souvent m\u00e9connue et n\u00e9glig\u00e9e est l\u2019utilisation sur les terrains riverains de fertilisants, pour les pelouses et pour les plantes d\u00e9coratives.<\/p>\n<p>On ne devrait pas s\u2019en servir : ils aboutissent dans le lac par ruissellement et alimentent algues et plantes aquatiques.<\/p>\n<p>Comme toujours, il est capital d\u2019avoir des installations septiques conformes et efficaces. On peut voir en plong\u00e9e l\u2019effet d\u2019installations d\u00e9ficientes par la pr\u00e9sence de p\u00e9riphyton et de biofilm excessifs.<\/p>\n<p>Bien s\u00fbr, l\u2019utilisation de savons sans phosphates est primordiale.<\/p>\n<p style=\"text-align: center;\">*****<\/p>\n<p style=\"text-align: left;\">Le p\u00e9riphyton est cette \u00e9paisseur de mati\u00e8re qu\u2019on observe sur les roches dans l\u2019eau.<\/p>\n<p style=\"text-align: left;\">\u2018\u2019Le p\u00e9riphyton est un biofilm phototrophe constitu\u00e9 d&#8217;un m\u00e9lange complexe d&#8217;algues, de cyanobact\u00e9ries, de champignons et microbes h\u00e9t\u00e9rotrophes et de d\u00e9tritus. Il participe au ph\u00e9nom\u00e8ne d&#8217;encrassement biologique.\u2019\u2019<\/p>\n<p style=\"text-align: right;\">-Wikip\u00e9dia<\/p>\n<p style=\"text-align: left;\">Il m\u2019a sembl\u00e9 cette ann\u00e9e qu\u2019il \u00e9tait plus \u00e9pais en certains endroits que l\u2019an pass\u00e9. Conjointement \u00e0 l\u2019apport en nutriments dans le lac par les moyens d\u00e9crits ci-haut, cela peut aussi \u00eatre le r\u00e9sultat des changements climatiques. Il est affect\u00e9 par l\u2019ensoleillement et la temp\u00e9rature de l\u2019eau.<\/p>\n<p style=\"text-align: left;\">Clairement, ce ph\u00e9nom\u00e8ne est observable dans nos lacs depuis 5 ou 6 ans de fa\u00e7on notable.<\/p>\n<p style=\"text-align: left;\">La gestion des facteurs humains d\u2019apports en nutriments discut\u00e9e plus haut est donc<\/p>\n<p style=\"text-align: left;\">d\u2019autant plus importante.<\/p>\n<p style=\"text-align: left;\">Ces ensoleillements plus fr\u00e9quents et plus h\u00e2tifs au printemps expliquent aussi la prolif\u00e9ration des plantes aquatiques indig\u00e8nes. N\u00e9nuphars, nymph\u00e9as, potamots, etc.<\/p>\n<p style=\"text-align: left;\">Ces plantes ne sont toutefois pas envahissantes et sont de plusieurs fa\u00e7ons b\u00e9n\u00e9fiques au lac.<\/p>\n<p style=\"text-align: center;\">*****<\/p>\n<p>Somme toute, la sant\u00e9 du lac est plut\u00f4t bonne, et le probl\u00e8me myriophylle est sous contr\u00f4le. Bravo aux riverains et utilisateurs, mais ne baissez pas la garde!<\/p>\n<p>Voici quelques photos prises lors des plong\u00e9es.<\/p>\n<p>Merci, et au plaisir.<\/p>\n<p>Vous pouvez me contacter si vous avez des questions au : <a href=\"mailto:jeanlouiscourteau@gmail.com\">\u00a0<span style=\"color: #0000ff;\">jeanlouiscourteau@gmail .com<\/span>\u00a0<\/a><\/p>\n<p>&nbsp;<\/p>\n<p>&nbsp;<\/p>\n<p><a href=\"https:\/\/lacmercier.ca\/wp-content\/uploads\/2023\/08\/myriophylle-2023.jpg\"><img loading=\"lazy\" decoding=\"async\" class=\"size-medium wp-image-5905 aligncenter\" src=\"https:\/\/lacmercier.ca\/wp-content\/uploads\/2023\/08\/myriophylle-2023-300x225.jpg\" alt=\"\" width=\"300\" height=\"225\" srcset=\"https:\/\/lacmercier.ca\/wp-content\/uploads\/2023\/08\/myriophylle-2023-300x225.jpg 300w, https:\/\/lacmercier.ca\/wp-content\/uploads\/2023\/08\/myriophylle-2023.jpg 460w\" sizes=\"auto, (max-width: 300px) 100vw, 300px\" \/><\/a><\/p>\n<p>&nbsp;<\/p>\n<p><a href=\"https:\/\/lacmercier.ca\/wp-content\/uploads\/2023\/08\/Rapport-Myriophylle-Lac-Mercier-2023_005.jpg\"><img loading=\"lazy\" decoding=\"async\" class=\"size-medium wp-image-5878 aligncenter\" src=\"https:\/\/lacmercier.ca\/wp-content\/uploads\/2023\/08\/Rapport-Myriophylle-Lac-Mercier-2023_005-232x300.jpg\" alt=\"\" width=\"232\" height=\"300\" srcset=\"https:\/\/lacmercier.ca\/wp-content\/uploads\/2023\/08\/Rapport-Myriophylle-Lac-Mercier-2023_005-232x300.jpg 232w, https:\/\/lacmercier.ca\/wp-content\/uploads\/2023\/08\/Rapport-Myriophylle-Lac-Mercier-2023_005.jpg 612w\" sizes=\"auto, (max-width: 232px) 100vw, 232px\" \/><\/a><\/p>\n<p style=\"text-align: center;\">Myriophylles et arrachage<\/p>\n<p style=\"text-align: center;\"><a href=\"https:\/\/lacmercier.ca\/wp-content\/uploads\/2023\/08\/Rapport-Myriophylle-Lac-Mercier-2023_006.jpg\"><img loading=\"lazy\" decoding=\"async\" class=\"alignnone size-medium wp-image-5880\" src=\"https:\/\/lacmercier.ca\/wp-content\/uploads\/2023\/08\/Rapport-Myriophylle-Lac-Mercier-2023_006-232x300.jpg\" alt=\"\" width=\"232\" height=\"300\" srcset=\"https:\/\/lacmercier.ca\/wp-content\/uploads\/2023\/08\/Rapport-Myriophylle-Lac-Mercier-2023_006-232x300.jpg 232w, https:\/\/lacmercier.ca\/wp-content\/uploads\/2023\/08\/Rapport-Myriophylle-Lac-Mercier-2023_006.jpg 612w\" sizes=\"auto, (max-width: 232px) 100vw, 232px\" \/><\/a><\/p>\n<p style=\"text-align: center;\">Potamot \u00e0 large feuilles<\/p>\n<p style=\"text-align: center;\"><a href=\"https:\/\/lacmercier.ca\/wp-content\/uploads\/2023\/08\/Rapport-Myriophylle-Lac-Mercier-2023_007.jpg\"><img loading=\"lazy\" decoding=\"async\" class=\"alignnone size-medium wp-image-5882\" src=\"https:\/\/lacmercier.ca\/wp-content\/uploads\/2023\/08\/Rapport-Myriophylle-Lac-Mercier-2023_007-232x300.jpg\" alt=\"\" width=\"232\" height=\"300\" srcset=\"https:\/\/lacmercier.ca\/wp-content\/uploads\/2023\/08\/Rapport-Myriophylle-Lac-Mercier-2023_007-232x300.jpg 232w, https:\/\/lacmercier.ca\/wp-content\/uploads\/2023\/08\/Rapport-Myriophylle-Lac-Mercier-2023_007.jpg 612w\" sizes=\"auto, (max-width: 232px) 100vw, 232px\" \/><\/a><\/p>\n<p style=\"text-align: center;\">Potamot\u00a0\u00a0\u00a0 (La famille des potamots (pondweeds) contient beaucoup d\u2019esp\u00e8ces, toutes inoffensives)<\/p>\n<p style=\"text-align: center;\"><a href=\"https:\/\/lacmercier.ca\/wp-content\/uploads\/2023\/08\/Rapport-Myriophylle-Lac-Mercier-2023_008.jpg\"><img loading=\"lazy\" decoding=\"async\" class=\"alignnone size-medium wp-image-5884\" src=\"https:\/\/lacmercier.ca\/wp-content\/uploads\/2023\/08\/Rapport-Myriophylle-Lac-Mercier-2023_008-232x300.jpg\" alt=\"\" width=\"232\" height=\"300\" srcset=\"https:\/\/lacmercier.ca\/wp-content\/uploads\/2023\/08\/Rapport-Myriophylle-Lac-Mercier-2023_008-232x300.jpg 232w, https:\/\/lacmercier.ca\/wp-content\/uploads\/2023\/08\/Rapport-Myriophylle-Lac-Mercier-2023_008.jpg 612w\" sizes=\"auto, (max-width: 232px) 100vw, 232px\" \/><\/a><\/p>\n<p style=\"text-align: center;\">Potamot \u00e0 large feuille<\/p>\n<p style=\"text-align: center;\">\n<figure id=\"attachment_5886\" aria-describedby=\"caption-attachment-5886\" style=\"width: 232px\" class=\"wp-caption aligncenter\"><a href=\"https:\/\/lacmercier.ca\/wp-content\/uploads\/2023\/08\/Rapport-Myriophylle-Lac-Mercier-2023_009.jpg\"><img loading=\"lazy\" decoding=\"async\" class=\"wp-image-5886 size-medium\" src=\"https:\/\/lacmercier.ca\/wp-content\/uploads\/2023\/08\/Rapport-Myriophylle-Lac-Mercier-2023_009-232x300.jpg\" alt=\"\" width=\"232\" height=\"300\" srcset=\"https:\/\/lacmercier.ca\/wp-content\/uploads\/2023\/08\/Rapport-Myriophylle-Lac-Mercier-2023_009-232x300.jpg 232w, https:\/\/lacmercier.ca\/wp-content\/uploads\/2023\/08\/Rapport-Myriophylle-Lac-Mercier-2023_009.jpg 612w\" sizes=\"auto, (max-width: 232px) 100vw, 232px\" \/><\/a><figcaption id=\"caption-attachment-5886\" class=\"wp-caption-text\">\u00c9lod\u00e9es<\/figcaption><\/figure>\n<p style=\"text-align: center;\">\u00c9lod\u00e9e (Tr\u00e8s b\u00e9n\u00e9fique : elle fournit de l\u2019oxyg\u00e8ne)<\/p>\n<figure id=\"attachment_5888\" aria-describedby=\"caption-attachment-5888\" style=\"width: 232px\" class=\"wp-caption aligncenter\"><a href=\"https:\/\/lacmercier.ca\/wp-content\/uploads\/2023\/08\/Rapport-Myriophylle-Lac-Mercier-2023_010.jpg\"><img loading=\"lazy\" decoding=\"async\" class=\"wp-image-5888 size-medium\" src=\"https:\/\/lacmercier.ca\/wp-content\/uploads\/2023\/08\/Rapport-Myriophylle-Lac-Mercier-2023_010-232x300.jpg\" alt=\"\" width=\"232\" height=\"300\" srcset=\"https:\/\/lacmercier.ca\/wp-content\/uploads\/2023\/08\/Rapport-Myriophylle-Lac-Mercier-2023_010-232x300.jpg 232w, https:\/\/lacmercier.ca\/wp-content\/uploads\/2023\/08\/Rapport-Myriophylle-Lac-Mercier-2023_010.jpg 612w\" sizes=\"auto, (max-width: 232px) 100vw, 232px\" \/><\/a><figcaption id=\"caption-attachment-5888\" class=\"wp-caption-text\">Vallisn\u00e9ries<\/figcaption><\/figure>\n<figure id=\"attachment_5890\" aria-describedby=\"caption-attachment-5890\" style=\"width: 232px\" class=\"wp-caption aligncenter\"><a href=\"https:\/\/lacmercier.ca\/wp-content\/uploads\/2023\/08\/Rapport-Myriophylle-Lac-Mercier-2023_011.jpg\"><img loading=\"lazy\" decoding=\"async\" class=\"wp-image-5890 size-medium\" src=\"https:\/\/lacmercier.ca\/wp-content\/uploads\/2023\/08\/Rapport-Myriophylle-Lac-Mercier-2023_011-232x300.jpg\" alt=\"\" width=\"232\" height=\"300\" srcset=\"https:\/\/lacmercier.ca\/wp-content\/uploads\/2023\/08\/Rapport-Myriophylle-Lac-Mercier-2023_011-232x300.jpg 232w, https:\/\/lacmercier.ca\/wp-content\/uploads\/2023\/08\/Rapport-Myriophylle-Lac-Mercier-2023_011.jpg 612w\" sizes=\"auto, (max-width: 232px) 100vw, 232px\" \/><\/a><figcaption id=\"caption-attachment-5890\" class=\"wp-caption-text\">Nymph\u00e9as odorant<\/figcaption><\/figure>\n<figure id=\"attachment_5892\" aria-describedby=\"caption-attachment-5892\" style=\"width: 232px\" class=\"wp-caption aligncenter\"><a href=\"https:\/\/lacmercier.ca\/wp-content\/uploads\/2023\/08\/Rapport-Myriophylle-Lac-Mercier-2023_012.jpg\"><img loading=\"lazy\" decoding=\"async\" class=\"wp-image-5892 size-medium\" src=\"https:\/\/lacmercier.ca\/wp-content\/uploads\/2023\/08\/Rapport-Myriophylle-Lac-Mercier-2023_012-232x300.jpg\" alt=\"\" width=\"232\" height=\"300\" srcset=\"https:\/\/lacmercier.ca\/wp-content\/uploads\/2023\/08\/Rapport-Myriophylle-Lac-Mercier-2023_012-232x300.jpg 232w, https:\/\/lacmercier.ca\/wp-content\/uploads\/2023\/08\/Rapport-Myriophylle-Lac-Mercier-2023_012.jpg 612w\" sizes=\"auto, (max-width: 232px) 100vw, 232px\" \/><\/a><figcaption id=\"caption-attachment-5892\" class=\"wp-caption-text\">Rubanier<\/figcaption><\/figure>\n<p style=\"text-align: center;\"><a href=\"https:\/\/lacmercier.ca\/wp-content\/uploads\/2023\/08\/Rapport-Myriophylle-Lac-Mercier-2023_013.jpg\"><img loading=\"lazy\" decoding=\"async\" class=\"alignnone size-medium wp-image-5894\" src=\"https:\/\/lacmercier.ca\/wp-content\/uploads\/2023\/08\/Rapport-Myriophylle-Lac-Mercier-2023_013-232x300.jpg\" alt=\"\" width=\"232\" height=\"300\" srcset=\"https:\/\/lacmercier.ca\/wp-content\/uploads\/2023\/08\/Rapport-Myriophylle-Lac-Mercier-2023_013-232x300.jpg 232w, https:\/\/lacmercier.ca\/wp-content\/uploads\/2023\/08\/Rapport-Myriophylle-Lac-Mercier-2023_013.jpg 612w\" sizes=\"auto, (max-width: 232px) 100vw, 232px\" \/><\/a><\/p>\n<p style=\"text-align: center;\">Moins jolis!<\/p>\n<p style=\"text-align: left;\">Les vieux pneus prennent beaucoup de temps \u00e0 se d\u00e9sagr\u00e9ger dans l\u2019eau. Mais ce faisant, ils lib\u00e8rent des substances toxiques et des microparticules.<\/p>\n<p style=\"text-align: left;\">Les particules de pneus sont la premi\u00e8re source de micro plastique dans les eaux et oc\u00e9ans.<\/p>\n<p style=\"text-align: left;\">Il serait peut-\u00eatre bon d\u2019envisager de les sortir de l\u2019eau lors de prochaines recherches de myriophylle&#8230;<\/p>\n<p style=\"text-align: center;\"><a href=\"https:\/\/lacmercier.ca\/wp-content\/uploads\/2023\/08\/Rapport-Myriophylle-Lac-Mercier-2023_014.jpg\"><img loading=\"lazy\" decoding=\"async\" class=\"alignnone size-medium wp-image-5896\" src=\"https:\/\/lacmercier.ca\/wp-content\/uploads\/2023\/08\/Rapport-Myriophylle-Lac-Mercier-2023_014-232x300.jpg\" alt=\"\" width=\"232\" height=\"300\" srcset=\"https:\/\/lacmercier.ca\/wp-content\/uploads\/2023\/08\/Rapport-Myriophylle-Lac-Mercier-2023_014-232x300.jpg 232w, https:\/\/lacmercier.ca\/wp-content\/uploads\/2023\/08\/Rapport-Myriophylle-Lac-Mercier-2023_014.jpg 612w\" sizes=\"auto, (max-width: 232px) 100vw, 232px\" \/><\/a><\/p>\n<p style=\"text-align: center;\">\u00c9pave.<\/p>\n<p style=\"text-align: center;\">Les \u00e9paves sont toujours des refuges pour les poissons.<\/p>\n<p style=\"text-align: center;\"><a href=\"https:\/\/lacmercier.ca\/wp-content\/uploads\/2023\/08\/Rapport-Myriophylle-Lac-Mercier-2023_015.jpg\"><img loading=\"lazy\" decoding=\"async\" class=\"alignnone size-medium wp-image-5898\" src=\"https:\/\/lacmercier.ca\/wp-content\/uploads\/2023\/08\/Rapport-Myriophylle-Lac-Mercier-2023_015-232x300.jpg\" alt=\"\" width=\"232\" height=\"300\" srcset=\"https:\/\/lacmercier.ca\/wp-content\/uploads\/2023\/08\/Rapport-Myriophylle-Lac-Mercier-2023_015-232x300.jpg 232w, https:\/\/lacmercier.ca\/wp-content\/uploads\/2023\/08\/Rapport-Myriophylle-Lac-Mercier-2023_015.jpg 612w\" sizes=\"auto, (max-width: 232px) 100vw, 232px\" \/><\/a><\/p>\n<p style=\"text-align: center;\">\n<p style=\"text-align: center;\">\n<p>&nbsp;<\/p>\n<p>&nbsp;<\/p>\n<p>&nbsp;<\/p>\n<p>&nbsp;<\/p>\n<p>Myriophylle \u00e0 \u00e9pi<\/p>\n<p>&nbsp;<\/p>\n<p>&nbsp;<\/p>\n<p>Myriophylles et arrachage<\/p>\n<p>&nbsp;<\/p>\n<p>Potamot \u00e0 large feuilles \u00a0\u00a0\u00a0\u00a0\u00a0\u00a0\u00a0\u00a0\u00a0\u00a0\u00a0\u00a0\u00a0\u00a0\u00a0\u00a0\u00a0\u00a0 Potamot<\/p>\n<p>&nbsp;<\/p>\n<p>(La famille des potamots (pondweeds) contient beaucoup d\u2019esp\u00e8ces, toutes inoffensives)<\/p>\n<p>&nbsp;<\/p>\n<p>&nbsp;<\/p>\n<p>Potamot \u00e0 large feuille<\/p>\n<p>&nbsp;<\/p>\n<p>&nbsp;<\/p>\n<p>&nbsp;<\/p>\n<p>&nbsp;<\/p>\n<p>\u00c9lod\u00e9e (Tr\u00e8s b\u00e9n\u00e9fique : elle fournit de l\u2019oxyg\u00e8ne) \u00c9lod\u00e9es<\/p>\n<p>&nbsp;<\/p>\n<p>Vallisn\u00e9ries<\/p>\n<p>&nbsp;<\/p>\n<p>&nbsp;<\/p>\n<p>&nbsp;<\/p>\n<p>Nymph\u00e9as odorant<\/p>\n<p>&nbsp;<\/p>\n<p>&nbsp;<\/p>\n<p>Rubanier<\/p>\n<p>&nbsp;<\/p>\n<p>&nbsp;<\/p>\n<p>Moins jolis!<\/p>\n<p>&nbsp;<\/p>\n<p>&nbsp;<\/p>\n<p>Les vieux pneus prennent beaucoup de temps \u00e0 se d\u00e9sagr\u00e9ger dans l\u2019eau. Mais ce faisant, ils lib\u00e8rent des substances toxiques et des microparticules.<\/p>\n<p>&nbsp;<\/p>\n<p>&nbsp;<\/p>\n<p>Les particules de pneus sont la premi\u00e8re source de micro plastique dans les eaux et oc\u00e9ans.<\/p>\n<p>&nbsp;<\/p>\n<p>Il serait peut-\u00eatre bon d\u2019envisager de les sortir de l\u2019eau lors de prochaines recherches de myriophylle&#8230;<\/p>\n<p>&nbsp;<\/p>\n<p>&nbsp;<\/p>\n<p>&nbsp;<\/p>\n<p>\u00c9pave.<\/p>\n<p>Les \u00e9paves sont toujours des refuges pour les poissons.<\/p>\n<p>&nbsp;<\/p>\n<p>&nbsp;<\/p>\n","protected":false},"excerpt":{"rendered":"<p>GESTION DU MYRIOPHYLLE \u00c0 \u00c9PI LAC MERCIER, TREMBLANT 2023 Pr\u00e9sent\u00e9 par Jean-Louis Courteau \u00e0 l\u2019Association du Lac Mercier et la Municipalit\u00e9 de Tremblant \u00a0 2023 a \u00e9t\u00e9 la seconde ann\u00e9e d\u2019un plan d\u2019arrachage du myriophylle qui id\u00e9alement devrait s\u2019\u00e9chelonner sur trois ans. La r\u00e9colte 2023, effectu\u00e9e comme l\u2019an pass\u00e9 lors de plong\u00e9es sur tout le<span class=\"excerpt-ellipsis\">&#8230;<\/span><\/p>\n<p><a class=\"more-link\" href=\"https:\/\/lacmercier.ca\/en\/rapport-j-l-courteau-myriophylle-a-epi-2023\/\" itemprop=\"url\">Continue Reading<\/a><\/p>\n","protected":false},"author":2,"featured_media":0,"parent":0,"menu_order":0,"comment_status":"closed","ping_status":"closed","template":"","meta":{"footnotes":""},"class_list":["post-5872","page","type-page","status-publish","hentry"],"_links":{"self":[{"href":"https:\/\/lacmercier.ca\/en\/wp-json\/wp\/v2\/pages\/5872","targetHints":{"allow":["GET"]}}],"collection":[{"href":"https:\/\/lacmercier.ca\/en\/wp-json\/wp\/v2\/pages"}],"about":[{"href":"https:\/\/lacmercier.ca\/en\/wp-json\/wp\/v2\/types\/page"}],"author":[{"embeddable":true,"href":"https:\/\/lacmercier.ca\/en\/wp-json\/wp\/v2\/users\/2"}],"replies":[{"embeddable":true,"href":"https:\/\/lacmercier.ca\/en\/wp-json\/wp\/v2\/comments?post=5872"}],"version-history":[{"count":3,"href":"https:\/\/lacmercier.ca\/en\/wp-json\/wp\/v2\/pages\/5872\/revisions"}],"predecessor-version":[{"id":5909,"href":"https:\/\/lacmercier.ca\/en\/wp-json\/wp\/v2\/pages\/5872\/revisions\/5909"}],"wp:attachment":[{"href":"https:\/\/lacmercier.ca\/en\/wp-json\/wp\/v2\/media?parent=5872"}],"curies":[{"name":"wp","href":"https:\/\/api.w.org\/{rel}","templated":true}]}}