{"id":3991,"date":"2019-12-15T15:48:06","date_gmt":"2019-12-15T20:48:06","guid":{"rendered":"http:\/\/lacmercier.ca\/notre-lac-a-une-ame\/"},"modified":"2019-12-24T16:55:13","modified_gmt":"2019-12-24T21:55:13","slug":"notre-lac-a-une-ame","status":"publish","type":"page","link":"https:\/\/lacmercier.ca\/en\/notre-lac-a-une-ame\/","title":{"rendered":"Our lake has a soul!"},"content":{"rendered":"<h6 style=\"text-align: center;\"><span style=\"font-family: Comic Sans MS, sans-serif;\"><strong>Happy Holidays!<br \/>\n<\/strong><\/span><\/h6>\n<p style=\"text-align: center;\"><a href=\"http:\/\/lacmercier.ca\/wp-content\/uploads\/2019\/12\/photo-communiqu\u00e9-d\u00e9c-2019.jpg\"><img loading=\"lazy\" decoding=\"async\" class=\"size-medium wp-image-3997 aligncenter\" src=\"http:\/\/lacmercier.ca\/wp-content\/uploads\/2019\/12\/photo-communiqu\u00e9-d\u00e9c-2019-300x174.jpg\" alt=\"\" width=\"300\" height=\"174\" srcset=\"https:\/\/lacmercier.ca\/wp-content\/uploads\/2019\/12\/photo-communiqu\u00e9-d\u00e9c-2019-300x174.jpg 300w, https:\/\/lacmercier.ca\/wp-content\/uploads\/2019\/12\/photo-communiqu\u00e9-d\u00e9c-2019-768x445.jpg 768w, https:\/\/lacmercier.ca\/wp-content\/uploads\/2019\/12\/photo-communiqu\u00e9-d\u00e9c-2019-1024x593.jpg 1024w, https:\/\/lacmercier.ca\/wp-content\/uploads\/2019\/12\/photo-communiqu\u00e9-d\u00e9c-2019.jpg 1588w\" sizes=\"auto, (max-width: 300px) 100vw, 300px\" \/><\/a><\/p>\n<h6 style=\"text-align: center;\"><span style=\"font-family: Comic Sans MS, sans-serif;\"><strong>\u00a0<\/strong><\/span><\/h6>\n<p style=\"text-align: center;\"><span style=\"font-family: Comic Sans MS, sans-serif; font-size: 12pt;\"><strong>\u00ab <\/strong><strong>Our lake has a Soul<\/strong><strong> !\u00a0<\/strong><strong>\u00bb<\/strong><\/span><\/p>\n<p><strong>Vous reconna\u00eetrez-vous? <\/strong><\/p>\n<p><strong><em>Car, c\u2019est de <\/em><\/strong><strong><em>chacun de vous<\/em><\/strong><strong><em> dont nous allons maintenant parler\u2026<\/em><\/strong><\/p>\n<p><em>Nous sommes en l\u2019an 2019, le 24 d\u00e9cembre, 5h20 AM. La nuit derni\u00e8re a laiss\u00e9 sa plus r\u00e9cente bord\u00e9e de neige.\u00a0 Mais\u2026 quelle temp\u00eate! \u00a0Plusieurs r\u00e9sidents de notre Lac sont encore endormis, bien cal\u00e9s dans les bras de Morph\u00e9e.\u00a0 Dehors, tout est paisible et d\u2019un blanc immacul\u00e9 \u00e0 perte de vue.\u00a0 \u00c0 la radio, on commence \u00e0 \u00e9num\u00e9rer les autoroutes ferm\u00e9es. \u00ab\u00a086\u00a0 pouces\u00a0\u00bb de nouvelle neige viennent de s\u2019abattre sur notre merveilleux Lac et les chaumi\u00e8res de nos r\u00e9sidents durant la nuit \u2026 Les d\u00e9neigeuses sont \u00e0 l\u2019\u0153uvre, mais ne fournissent pas. La montagne se pr\u00e9pare \u00e0 une grande affluence, pour ceux et celles qui pourront s\u2019y rendre\u2026 Gilles salive d\u00e9j\u00e0 \u00e0 l\u2019id\u00e9e d\u2019enfiler ses raquettes et sortir la famille pour une balade en plein air. Ima suivra assur\u00e9ment chantonnant des chants de No\u00ebl pour nous tous. Marie-Claude arpente d\u00e9j\u00e0 le salon dans ses combines rouges, au t\u00e9l\u00e9phone avec France et Ang\u00e8le, alors que le pauvre Scott est pris dans un banc de neige entre Ottawa et Tremblant et que Johanne est en train de pr\u00e9parer les cr\u00eapes pour son Fran\u00e7ois ch\u00e9ri. Lucie vient tout juste de jeter un coup d\u2019\u0153il dehors\u2026 et retourne se coucher. \u00a0Pat, d\u00e9j\u00e0 debout depuis 3h00, en short, se balade sur le balcon, pieds nus dans cette abondante neige et revient \u00e0 son Laptop pour terminer cette petite histoire. Maryse et Peter salivent d\u00e9j\u00e0 \u00e0 l\u2019id\u00e9e de lire cette histoire.<\/em><\/p>\n<p><strong>BEN QUOI\u00a0? Je peux bien r\u00eaver et m\u2019amusez avec vous, non ?<\/strong><\/p>\n<p><em>La f\u00e9brilit\u00e9 des enfants est \u00e0 son apog\u00e9e. Pauvre Noah\u00a0: il est encore trop jeune pour le r\u00e9aliser et Gabriel a beau lui raconter des histoires de No\u00ebl pour l\u2019endormir, il ne fait que compter les moutons avec Julia\u2026 <\/em><\/p>\n<p><em>Dans quelques heures, un OVNI rouge tir\u00e9 par des Rennes quelque peu ankylos\u00e9s par cette longue ann\u00e9e pass\u00e9e \u00e0 brouter, sillonnera notre ciel, noir couleur d\u2019encre, tout au-dessus de notre Lac, ciblant chemin\u00e9es apr\u00e8s chemin\u00e9es et cherchant les enfants sages. Fr\u00e9d\u00e9ric croise les doigts aux c\u00f4t\u00e9s de Louise et Denis tout comme les trois enfants de Jean-Philippe et Mireille. Un vieux monsieur v\u00eatu de rouge, cheveux grisonnent et quelque peu bedonnant, appel\u00e9 \u00ab\u00a0P\u00e8re \u2026quelque chose\u00a0\u00bb (Non Non Richard\u00a0ou Jacques\u00a0: ce n\u2019est pas de moi qu\u2019on parle), entamera sa longue descente dans un petit tuyau noir recouvert de suie pour savourer ce petit verre de lait de coco et ces quelques biscuits que Marianne lui aura confectionn\u00e9s, avec ses trois enfants. Puis ce sera la chemin\u00e9e et les biscuits de Louise et ceux de Lucie et apr\u00e8s ceux de Dominique, Diane. Marie, Calista, Lyne, Denise puis Dorothy.\u00a0 Oui oui France\u00a0: Il passera aussi chez vous d\u00e9guster vos biscuits, avant qu\u2019Andr\u00e9 ne les d\u00e9vore tous\u2026 <\/em><\/p>\n<p><strong>BEN QUOI ? J\u2019ai toujours mon esprit taquin et enfantin, malgr\u00e9 mon jeune \u00e2ge !<\/strong><\/p>\n<p><em>\u00a0<\/em><\/p>\n<p><em>Dans le coin du salon, chez Jim et Susan, le sapin a lou\u00e9 \u00e0 nouveau cette ann\u00e9e son espace qui lui est r\u00e9serv\u00e9 par Bail emphyt\u00e9otique. Il s\u2019est dot\u00e9 de ses plus beaux ornements et apparats et, en guise de remerciement, le sapin s\u00e8me au passage un doux ar\u00f4me parfum\u00e9 de for\u00eat de sapinage.<\/em> <em>Les petits Lutins, Kathryn et Randall, du coin de leur fen\u00eatre, savourent l\u2019id\u00e9e de jouer un tour, cet apr\u00e8s-midi, \u00e0 Katherine. PO saura bien prot\u00e9ger sa petite s\u0153ur (\u00e0 moins qu\u2019il ne concocte lui aussi un tour \u00e0 petite s\u0153ur avec Lilly la Tornade)? <\/em><\/p>\n<p><strong>BEN QUOI ? J\u2019aime jouer des tours avec les Lutins !<\/strong><\/p>\n<p><em>Dehors, notre pr\u00e9cieux Lac a rev\u00eatu, pour une nouvelle ann\u00e9e encore, son chaud manteau de glace et de neige. \u00c9coutez\u00a0: au loin, la glace craque d\u2019un coup de canon, saluant ainsi Paul et Trina&#8230; Dessous, nos truites et achigans se sont rapidement mis en \u00e9tat d\u2019hibernation attentant f\u00e9brilement le redoux prochain et elles sauront bien \u00e9chapper \u00e0 Charles et Leslie qui chercheront \u00e0 amener du bon poisson sur la table pour Joyce et Dorothy.<\/em><\/p>\n<p><em>La haut, le clair de lune brille encore et veille sur nous en \u00e9clairant, de ses derni\u00e8res lueurs, le clocher de notre vielle \u00e9glise du village. De sa fen\u00eatre du Camp, Guy, et de sa fen\u00eatre de l\u2019Auberge, Liam et de son H\u00f4tel et restaurant du Coin, Marie-Jos\u00e9e, pr\u00e9parent d\u00e9j\u00e0\u00a0 le Brunch du dimanche.<\/em><\/p>\n<p><strong>PARLANT HIBERNATION, \u2026 On \u00ab\u00a0est-t\u2019y\u00a0\u00bb bien sans nos damn\u00e9s moustiques, araign\u00e9es, souris et fournis qui, elles aussi, ont bien h\u00e2te au printemps pour revenir nous hanter et nous rendre la vie difficile!<\/strong><\/p>\n<p><em>Nos deux huards, les pr\u00e9f\u00e9r\u00e9s de Richard et Claire lorsqu\u2019ils lisent un bon livre sur leur quai, ainsi que nos canards et ces autres amis fid\u00e8les aux belles plumes color\u00e9es, sont maintenant bien loin, au chaud, dans ces pays du Sud o\u00f9 Normand et Marie-Lise, Pierre et Th\u00e9r\u00e8se et bien d\u2019autres privil\u00e9gi\u00e9s iront prochainement les rejoindre. Vous saluerez tous nos nomades colibris, huards et canards de notre part. Nous nous ennuyons d\u00e9j\u00e0 de leurs chants m\u00e9lodieux.<\/em><\/p>\n<p><strong>GRRRR\u2026 Mais certes pas ceux de ces damn\u00e9es corneilles, grassement nourries des vidanges de <\/strong><strong>Michele <\/strong><strong>et <\/strong><strong>Alain<\/strong><strong>!<\/strong><\/p>\n<p><em>Nos bambis, bien gav\u00e9s du repas que leur ont offerts Ang\u00e8le et Mario, avec leurs savoureuses nouvelles plantes, poinsettias et arbustes, dorment paisiblement sous le sapin de Sylvie et Gavin, attendant leur prochain repas. Sans doute demain iront-ils chez Charles et Naira ou encore chez Serge et Gabrielle? Il parait qu\u2019en sautant la cl\u00f4ture, les c\u00e8dres de Gabrielle sont exquis! <\/em><\/p>\n<p><strong>BEN QUOI\u00a0? Je m\u2019ennuis du temps o\u00f9 je pouvais nourrir mes beaux Bambis!<\/strong><\/p>\n<p><em>\u00a0<\/em><\/p>\n<p><em>\u00c0 l\u2019int\u00e9rieur, la table est mise. Les chandelles se dandinent au passage d\u2019un coup de vent. La dinde est farcie. Elle a rev\u00eatu sa plus belle robe pour accompagner sa farce et ses atocas. Elle n\u2019attends, f\u00e9brilement, que ce doux moment o\u00f9 elle pourra enfin aller se r\u00e9chauffer, sous 350 degr\u00e9s, dans sa petite maison Bosch, apr\u00e8s avoir s\u00e9journ\u00e9 au frigo plusieurs jours, sous une temp\u00e9rature de trois degr\u00e9s. C\u2019est cette chaleur qui lui redonnera vie, beaut\u00e9 et cette couleur bronz\u00e9e s\u2019apparentant \u00e0 celle que Normand et Marie-Lise sont en train de travailler \u00e0 obtenir sur leur nouveau navire, sous un soleil radieux entre la Floride et les Bahamas. C\u2019est cette saveur qui rendra sourire et plaisir \u00e0 Donna et Naira. <\/em><\/p>\n<p><em>Dans le coin, l\u00e0 sur la table, baignent les canneberges, pr\u00e9par\u00e9es avec attention par Am\u00e9lie et Simon, dans leur onctueux \u00e9lixir au Grand Marnier. Les canneberges sont anxieuses de faire connaissance de Dame Dinde, sa farce et ses atocas.<\/em><\/p>\n<p><strong>BEN QUOI ? Tout comme <\/strong><strong>Am\u00e9lie <\/strong><strong>et <\/strong><strong>Joan<\/strong><strong>, j\u2019aime bien manger\u2026 Pis j\u2019aime \u00e7a \u00ab\u00a0du\u00a0\u00bb Dinde avec des \u00ab\u00a0p\u00e9tates pil\u00e9es\u00a0\u00bb pis des atocas!<\/strong><\/p>\n<p><em>La porte de la cuisine s\u2019entrouvre. Le domestique de Brian et Th\u00e9r\u00e8se apporte le pain, un petit verre de trop dans le museau. Pendant ce temps, ses invit\u00e9s, Gerry et Toni, sont attabl\u00e9s appr\u00e9ciant la magnifique nouvelle chanson de No\u00ebl qu\u2019Ima fredonne sur Spotify. \u00c0 l\u2019autre bout de la table, Carole Anne tombe soudainement sous le charme de Claude, comme lors de leur premi\u00e8re rencontre. \u00a0Pauvre Gail Ann\u00a0tout \u00e0 c\u00f4t\u00e9 de William: elle s\u2019est vite endormie apr\u00e8s une ann\u00e9e si remplie de travail intense \u2026<\/em><\/p>\n<p><em>Caroline <\/em><em>et Bruno, en catimini, s\u2019\u00e9clipsent pour appeler \u00e0 la maison et s\u2019enqu\u00e9rir de la famille rest\u00e9e seule.\u00a0 St\u00e9phanie, affam\u00e9e et s\u2019ennuyant, d\u00e9vore le pain apport\u00e9 par S\u00e9bastien. Barbara oublie ses bouch\u00e9es de cocktail dans le four d\u00e9clenchant l\u2019alarme de feu et appelant Will et Val\u00e9rie pour savoir comment fonctionne l\u2019extincteur de feu? Pour Jennifer, c\u2019est plus emb\u00eatant ayant \u00e9chapp\u00e9 le cornichon d\u00e9rob\u00e9 de Todd et L\u00e9na l\u2019ayant gob\u00e9 d\u2019une bouch\u00e9e, et recrach\u00e9 tout aussi vite.<\/em><\/p>\n<p><strong>BEN QUOI ? \u00ab\u00a0SCH\u00c9\u00a0\u00bb No\u00ebl et il faut s\u2019amuser. Aurais-je oubli\u00e9 l\u2019un de nos riverains?<\/strong><\/p>\n<p><em>\u00a0<\/em><\/p>\n<p><em>Plus au froid, dans la cave \u00e0 vin, s\u00e9journent ces bons Brunello di Montalcino et Roman\u00e9e-Conti qui n\u2019attendent que de s\u2019affronter en duel pour le meilleur palais. Au go\u00fbt de nos deux Sommelier Patrice et Peter John,, le premier se darne d\u2019\u00eatre d\u2019un rouge rubis, intense, au parfum caract\u00e9ristique et chaleureux, quoiqu\u2019un peu tannique, robuste et harmonieux, alors que l\u2019autre\u2026 Eh bien il n\u2019a plus \u00e0 se vanter, et sa r\u00e9putation n\u2019est plus \u00e0 faire, \u00e9tant sans doute, de l\u2019avis de notre autre d\u00e9gustateur Ronald, l\u2019un des meilleurs vins au monde, n\u2019attendant que de s\u2019\u00e9panouir lorsque son bouchon sautera enfin, ouvert par Gerry, pour dispenser ses ar\u00f4mes riches et bois\u00e9s. Christine le d\u00e9gustera et ses pommettes viendront rapidement trahir son engouement des bons vins. <\/em><\/p>\n<p><strong>BEN QUOI ? Comme vous tous, j\u2019adore les bons vins\u2026<\/strong><\/p>\n<p><em>L\u2019heure avance \u00e0 grand pas d\u2019aiguilles. Je ne saurais oublier de vous parler de Marc qui, avec son passager Christian, viennent tout juste d\u2019atterrir sur le Lac en Cesna \u00e0 skis, fr\u00f4lant au passage la chemin\u00e9e de Chris puis celle de Fran\u00e7ois. Au doux ronronnement du moteur, H\u00e9lene, finalement, entre-ouvre les yeux. Elle se d\u00e9p\u00eache \u00e0 enfiler sa robe de chambre, attir\u00e9e par cette douce odeur de bacon et de croissants chauds que Richard lui a concoct\u00e9 pour le Brunch. Daniel, lui, encore en pyjama, sirotant son Caf\u00e9 Latte avec Denise, arpente le salon attendant l\u2019heure o\u00f9 il pourra enfin ouvrir les premi\u00e8res pistes de notre Petit train du Nord pour s\u2019\u00e9lancer en skis de fonds; Denise, elle, sort son petit points et poursuit son inlassable confection fleurie pour son jet\u00e9.<\/em><\/p>\n<p><strong>BEN QUOI\u00a0: <\/strong><strong>H\u00e9l\u00e8ne <\/strong><strong>adore \u00e7a, elle aussi, les croissants chauds.<\/strong><\/p>\n<p><em>Finalement, tout l\u00e0-haut, dans leurs palais, scrutant l\u2019horizon et cette magnifique vue de notre Lac, Laurier et Luc, avec les deux Lucie. avaient pass\u00e9 la nuit chez Diane et Jean-Pierre, apr\u00e8s une soir\u00e9e o\u00f9 les rires se r\u00e9percutaient de montagnes en montagnes, au fil de l\u2019\u00e9cho\u00a0: ils avaient jou\u00e9 ensemble et avec Pierre, Nathalie, \u00c9ric et Lydia \u00e0 \u00ab\u00a0M\u00e2che Mots\u00a0\u00bb!<\/em><\/p>\n<p><strong>CROYEZ-EN <\/strong><strong>Ang\u00e8le <\/strong><strong>et <\/strong><strong>Mario\u00a0<\/strong><strong>: c\u2019est un jeux \u00e0 d\u00e9couvrir (\u2026ou pas\u2026)!<\/strong><\/p>\n<p style=\"text-align: center;\"><span style=\"font-size: 18pt;\"><strong>* * *<\/strong><\/span><\/p>\n<p><strong>\u00a0<\/strong><\/p>\n<p><strong>SERGE<\/strong>, <strong>SCOTT<\/strong>, <strong>GABRIEL<\/strong> et <strong>FRAN\u00c7OIS<\/strong> et nos familles respectives, se joignent \u00e0 moi pour vous souhaiter \u00e0 tous de Joyeuses F\u00eates, anticipant avec grand plaisir de vous revoir sous peu, un vendredi soir chez <em>Marie-Jos\u00e9e<\/em> (au Resto du Coin) ou sur les pentes ou sur notre merveilleuse piste, Le Petit Train du Nord.<\/p>\n<p>Votre Pr\u00e9sident,<\/p>\n<p><strong>Patrice Vachon<\/strong><\/p>\n<p><strong>\u00a0<a href=\"http:\/\/lacmercier.ca\/wp-content\/uploads\/2019\/12\/photo-communiqu\u00e9-d\u00e9c-2019.jpg\"><img loading=\"lazy\" decoding=\"async\" class=\"size-medium wp-image-3997 aligncenter\" src=\"http:\/\/lacmercier.ca\/wp-content\/uploads\/2019\/12\/photo-communiqu\u00e9-d\u00e9c-2019-300x174.jpg\" alt=\"\" width=\"300\" height=\"174\" srcset=\"https:\/\/lacmercier.ca\/wp-content\/uploads\/2019\/12\/photo-communiqu\u00e9-d\u00e9c-2019-300x174.jpg 300w, https:\/\/lacmercier.ca\/wp-content\/uploads\/2019\/12\/photo-communiqu\u00e9-d\u00e9c-2019-768x445.jpg 768w, https:\/\/lacmercier.ca\/wp-content\/uploads\/2019\/12\/photo-communiqu\u00e9-d\u00e9c-2019-1024x593.jpg 1024w, https:\/\/lacmercier.ca\/wp-content\/uploads\/2019\/12\/photo-communiqu\u00e9-d\u00e9c-2019.jpg 1588w\" sizes=\"auto, (max-width: 300px) 100vw, 300px\" \/><\/a><\/strong><\/p>\n<p><strong><em>\u00a0<\/em><\/strong><\/p>\n","protected":false},"excerpt":{"rendered":"<p>Happy Holidays! \u00a0 \u00ab Our lake has a Soul !\u00a0\u00bb Vous reconna\u00eetrez-vous? Car, c\u2019est de chacun de vous dont nous allons maintenant parler\u2026 Nous sommes en l\u2019an 2019, le 24 d\u00e9cembre, 5h20 AM. La nuit derni\u00e8re a laiss\u00e9 sa plus r\u00e9cente bord\u00e9e de neige.\u00a0 Mais\u2026 quelle temp\u00eate! \u00a0Plusieurs r\u00e9sidents de notre Lac sont encore endormis,<span class=\"excerpt-ellipsis\">&#8230;<\/span><\/p>\n<p><a class=\"more-link\" href=\"https:\/\/lacmercier.ca\/en\/notre-lac-a-une-ame\/\" itemprop=\"url\">Continue Reading<\/a><\/p>\n","protected":false},"author":2,"featured_media":0,"parent":0,"menu_order":0,"comment_status":"closed","ping_status":"closed","template":"","meta":{"footnotes":""},"class_list":["post-3991","page","type-page","status-publish","hentry"],"_links":{"self":[{"href":"https:\/\/lacmercier.ca\/en\/wp-json\/wp\/v2\/pages\/3991","targetHints":{"allow":["GET"]}}],"collection":[{"href":"https:\/\/lacmercier.ca\/en\/wp-json\/wp\/v2\/pages"}],"about":[{"href":"https:\/\/lacmercier.ca\/en\/wp-json\/wp\/v2\/types\/page"}],"author":[{"embeddable":true,"href":"https:\/\/lacmercier.ca\/en\/wp-json\/wp\/v2\/users\/2"}],"replies":[{"embeddable":true,"href":"https:\/\/lacmercier.ca\/en\/wp-json\/wp\/v2\/comments?post=3991"}],"version-history":[{"count":8,"href":"https:\/\/lacmercier.ca\/en\/wp-json\/wp\/v2\/pages\/3991\/revisions"}],"predecessor-version":[{"id":4064,"href":"https:\/\/lacmercier.ca\/en\/wp-json\/wp\/v2\/pages\/3991\/revisions\/4064"}],"wp:attachment":[{"href":"https:\/\/lacmercier.ca\/en\/wp-json\/wp\/v2\/media?parent=3991"}],"curies":[{"name":"wp","href":"https:\/\/api.w.org\/{rel}","templated":true}]}}