{"id":3937,"date":"2019-12-05T13:25:31","date_gmt":"2019-12-05T18:25:31","guid":{"rendered":"http:\/\/lacmercier.ca\/?page_id=3937\/"},"modified":"2020-03-27T17:09:08","modified_gmt":"2020-03-27T21:09:08","slug":"life-at-lac-mercier","status":"publish","type":"page","link":"https:\/\/lacmercier.ca\/en\/life-at-lac-mercier\/","title":{"rendered":"Life at lac Mercier&#8230;"},"content":{"rendered":"<p>&nbsp;<\/p>\n<h5 style=\"text-align: center;\"><span style=\"color: #000000;\"><strong><span style=\"font-family: Comic Sans MS, sans-serif;\">PHOTO contest 2019<\/span><\/strong><\/span><\/h5>\n<h6 style=\"text-align: center;\"><span style=\"font-size: 12pt;\"><span style=\"font-family: Comic Sans MS, sans-serif; color: #0000ff;\">&nbsp;<\/span><\/span><span style=\"font-family: Comic Sans MS, sans-serif; font-size: 12pt; color: #008000;\"><strong>OUR LAKE HAS A SOUL !&nbsp;<\/strong><strong>\u00bb&nbsp;&nbsp; AND HAS A PROMISING FUTURE<\/strong><strong>\u2026<\/strong><\/span><\/h6>\n<p style=\"text-align: left;\"><em>We invite you to enjoy several photos displaying our diversity at our lake, it&#8217;s richness and the privileged well-being of it&#8217;s residents and holidayers.<\/em><\/p>\n<p style=\"text-align: left;\">Your photos have been grouped into three categories:<\/p>\n<p style=\"text-align: center;\"><span style=\"color: #008000;\"><strong>&nbsp;<\/strong><span style=\"font-family: Comic Sans MS, sans-serif; font-size: 12pt;\"><strong>and&nbsp; the WINNERS are <\/strong><strong>\u2026<\/strong><\/span><\/span><\/p>\n<pre style=\"text-align: center;\"><span style=\"font-family: Comic Sans MS, sans-serif; font-size: 14pt;\"><strong>Life \u2026 ON <\/strong><strong>\u2026 the lake<\/strong><\/span><\/pre>\n<p style=\"text-align: center;\"><span style=\"font-family: Arial, Helvetica, sans-serif;\"><em>&nbsp;<span style=\"font-size: 12pt; font-family: Arial Black, Avant Garde; color: #ff0000;\"><strong> &#8220;GOLD&#8221; medal:<\/strong><\/span><\/em><\/span><\/p>\n<p style=\"padding-left: 30px; text-align: center;\"><a href=\"http:\/\/lacmercier.ca\/wp-content\/uploads\/2019\/12\/K.-Vachon_\u00eele-flottante-e1577220823228.jpg\"><img loading=\"lazy\" decoding=\"async\" class=\"size-medium wp-image-4035 aligncenter\" src=\"http:\/\/lacmercier.ca\/wp-content\/uploads\/2019\/12\/K.-Vachon_\u00eele-flottante-e1577220823228-300x225.jpg\" alt=\"\" width=\"300\" height=\"225\" srcset=\"https:\/\/lacmercier.ca\/wp-content\/uploads\/2019\/12\/K.-Vachon_\u00eele-flottante-e1577220823228-300x225.jpg 300w, https:\/\/lacmercier.ca\/wp-content\/uploads\/2019\/12\/K.-Vachon_\u00eele-flottante-e1577220823228-768x576.jpg 768w, https:\/\/lacmercier.ca\/wp-content\/uploads\/2019\/12\/K.-Vachon_\u00eele-flottante-e1577220823228-1024x768.jpg 1024w, https:\/\/lacmercier.ca\/wp-content\/uploads\/2019\/12\/K.-Vachon_\u00eele-flottante-e1577220823228.jpg 1279w\" sizes=\"auto, (max-width: 300px) 100vw, 300px\" \/><\/a>Katherine Vachon: L&#8217;\u00eele flottante<\/p>\n<p style=\"padding-left: 60px; text-align: center;\"><span style=\"font-size: 12pt; font-family: Arial Black, Avant Garde; color: #ff0000;\"><strong>&nbsp;&#8220;SILVER&#8221; medal:<\/strong><\/span><\/p>\n<p style=\"padding-left: 60px; text-align: center;\"><a href=\"http:\/\/lacmercier.ca\/wp-content\/uploads\/2019\/12\/C.-St-Germain_Va-pas-trop-vite-maman-bec-scie.jpg\"><img loading=\"lazy\" decoding=\"async\" class=\"size-medium wp-image-4079 aligncenter\" src=\"http:\/\/lacmercier.ca\/wp-content\/uploads\/2019\/12\/C.-St-Germain_Va-pas-trop-vite-maman-bec-scie-300x225.jpg\" alt=\"\" width=\"300\" height=\"225\" srcset=\"https:\/\/lacmercier.ca\/wp-content\/uploads\/2019\/12\/C.-St-Germain_Va-pas-trop-vite-maman-bec-scie-300x225.jpg 300w, https:\/\/lacmercier.ca\/wp-content\/uploads\/2019\/12\/C.-St-Germain_Va-pas-trop-vite-maman-bec-scie-768x576.jpg 768w, https:\/\/lacmercier.ca\/wp-content\/uploads\/2019\/12\/C.-St-Germain_Va-pas-trop-vite-maman-bec-scie-1024x768.jpg 1024w, https:\/\/lacmercier.ca\/wp-content\/uploads\/2019\/12\/C.-St-Germain_Va-pas-trop-vite-maman-bec-scie.jpg 1280w\" sizes=\"auto, (max-width: 300px) 100vw, 300px\" \/><\/a>Cathie St-Germain: Va pas trop vite maman&#8230;<\/p>\n<p style=\"padding-left: 90px; text-align: center;\"><span style=\"font-size: 12pt; font-family: Arial Black, Avant Garde; color: #ff0000;\"><strong>&nbsp;&#8220;BRONZE&#8221; medal:<\/strong><\/span><\/p>\n<p style=\"padding-left: 90px; text-align: center;\"><a href=\"http:\/\/lacmercier.ca\/wp-content\/uploads\/2019\/12\/J-P.-Bernard_maman-o\u00f9-es-tu.jpg\"><img loading=\"lazy\" decoding=\"async\" class=\"size-medium wp-image-4083 aligncenter\" src=\"http:\/\/lacmercier.ca\/wp-content\/uploads\/2019\/12\/J-P.-Bernard_maman-o\u00f9-es-tu-300x171.jpg\" alt=\"\" width=\"300\" height=\"171\" srcset=\"https:\/\/lacmercier.ca\/wp-content\/uploads\/2019\/12\/J-P.-Bernard_maman-o\u00f9-es-tu-300x171.jpg 300w, https:\/\/lacmercier.ca\/wp-content\/uploads\/2019\/12\/J-P.-Bernard_maman-o\u00f9-es-tu-768x437.jpg 768w, https:\/\/lacmercier.ca\/wp-content\/uploads\/2019\/12\/J-P.-Bernard_maman-o\u00f9-es-tu.jpg 782w\" sizes=\"auto, (max-width: 300px) 100vw, 300px\" \/><\/a>Jean-Philippe Bernard: Maman, o\u00f9 es-tu?<\/p>\n<p style=\"padding-left: 120px; text-align: center;\"><span style=\"font-family: Arial Black, Avant Garde; font-size: 12pt; color: #ff0000;\"><strong>&#8220;and ANOTHER WINNER&#8221;!<\/strong><\/span><\/p>\n<p style=\"padding-left: 120px; text-align: center;\"><a href=\"http:\/\/lacmercier.ca\/wp-content\/uploads\/2019\/12\/A.-Dubeau_les-belles-du-lac.jpg\"><img loading=\"lazy\" decoding=\"async\" class=\"size-full wp-image-4077 aligncenter\" src=\"http:\/\/lacmercier.ca\/wp-content\/uploads\/2019\/12\/A.-Dubeau_les-belles-du-lac.jpg\" alt=\"\" width=\"202\" height=\"151\"><\/a>Ang\u00e8le Dubeau: Les belles du lac<\/p>\n<h6 style=\"text-align: left;\"><\/h6>\n<h6 style=\"text-align: left;\"><\/h6>\n<pre style=\"text-align: center;\"><span style=\"font-family: Comic Sans MS, sans-serif; font-size: 14pt;\"><strong>Life... AROUND the lake\n<\/strong><\/span><\/pre>\n<p><strong>&nbsp;<\/strong><br \/>\n<span style=\"font-family: Arial, Helvetica, sans-serif;\"><em>&nbsp;<\/em><\/span><\/p>\n<p style=\"text-align: center;\"><span style=\"font-family: Arial, Helvetica, sans-serif;\"><em>&nbsp;<span style=\"font-size: 12pt; font-family: Arial Black, Avant Garde; color: #ff0000;\"><strong>&#8220;GOLD&#8221; medal:<\/strong><\/span><\/em><\/span><\/p>\n<p style=\"text-align: center;\"><a href=\"http:\/\/lacmercier.ca\/wp-content\/uploads\/2019\/12\/M.-Fyen-Gagnon_cest-par-o\u00f9-le-ch.-Franc-Nord.jpg\"><img loading=\"lazy\" decoding=\"async\" class=\"size-medium wp-image-4036 aligncenter\" src=\"http:\/\/lacmercier.ca\/wp-content\/uploads\/2019\/12\/M.-Fyen-Gagnon_cest-par-o\u00f9-le-ch.-Franc-Nord-300x200.jpg\" alt=\"\" width=\"300\" height=\"200\" srcset=\"https:\/\/lacmercier.ca\/wp-content\/uploads\/2019\/12\/M.-Fyen-Gagnon_cest-par-o\u00f9-le-ch.-Franc-Nord-300x200.jpg 300w, https:\/\/lacmercier.ca\/wp-content\/uploads\/2019\/12\/M.-Fyen-Gagnon_cest-par-o\u00f9-le-ch.-Franc-Nord-768x512.jpg 768w, https:\/\/lacmercier.ca\/wp-content\/uploads\/2019\/12\/M.-Fyen-Gagnon_cest-par-o\u00f9-le-ch.-Franc-Nord-1024x683.jpg 1024w, https:\/\/lacmercier.ca\/wp-content\/uploads\/2019\/12\/M.-Fyen-Gagnon_cest-par-o\u00f9-le-ch.-Franc-Nord.jpg 1224w\" sizes=\"auto, (max-width: 300px) 100vw, 300px\" \/><\/a>Michel Fyen-Gagnon: C&#8217;est par o\u00f9 le chemin Franc-Nord?<\/p>\n<p style=\"text-align: center;\"><span style=\"font-size: 12pt; font-family: Arial Black, Avant Garde; color: #ff0000;\"><strong>&#8220;SILVER&#8221; medal:<\/strong><\/span><\/p>\n<p style=\"text-align: center;\"><a href=\"http:\/\/lacmercier.ca\/wp-content\/uploads\/2019\/12\/L.-Lagani\u00e8re_mais-elle-est-pass\u00e9-o\u00f9-Louise.jpg\"><img loading=\"lazy\" decoding=\"async\" class=\"size-medium wp-image-4085 aligncenter\" src=\"http:\/\/lacmercier.ca\/wp-content\/uploads\/2019\/12\/L.-Lagani\u00e8re_mais-elle-est-pass\u00e9-o\u00f9-Louise-300x225.jpg\" alt=\"\" width=\"300\" height=\"225\" srcset=\"https:\/\/lacmercier.ca\/wp-content\/uploads\/2019\/12\/L.-Lagani\u00e8re_mais-elle-est-pass\u00e9-o\u00f9-Louise-300x225.jpg 300w, https:\/\/lacmercier.ca\/wp-content\/uploads\/2019\/12\/L.-Lagani\u00e8re_mais-elle-est-pass\u00e9-o\u00f9-Louise.jpg 693w\" sizes=\"auto, (max-width: 300px) 100vw, 300px\" \/><\/a>Louise Lagani\u00e8re: Mais, elle est pass\u00e9e o\u00f9 Louise?<\/p>\n<p style=\"text-align: center;\"><span style=\"font-size: 12pt; font-family: Arial Black, Avant Garde; color: #ff0000;\"><strong>&nbsp;&#8220;BRONZE&#8221; medal:<\/strong><\/span><\/p>\n<p style=\"text-align: center;\"><a href=\"http:\/\/lacmercier.ca\/wp-content\/uploads\/2019\/12\/C.-Krisa_snow-blow.jpg\"><img loading=\"lazy\" decoding=\"async\" class=\"size-medium wp-image-4078 aligncenter\" src=\"http:\/\/lacmercier.ca\/wp-content\/uploads\/2019\/12\/C.-Krisa_snow-blow-300x225.jpg\" alt=\"\" width=\"300\" height=\"225\" srcset=\"https:\/\/lacmercier.ca\/wp-content\/uploads\/2019\/12\/C.-Krisa_snow-blow-300x225.jpg 300w, https:\/\/lacmercier.ca\/wp-content\/uploads\/2019\/12\/C.-Krisa_snow-blow.jpg 640w\" sizes=\"auto, (max-width: 300px) 100vw, 300px\" \/><\/a>Christine Krisa: Snow blowing our front lawn<\/p>\n<p style=\"text-align: center;\"><span style=\"font-family: Arial Black, Avant Garde; font-size: 12pt; color: #ff0000;\"><strong>&#8220;and ANOTHER WINNER&#8221;!<\/strong><\/span><\/p>\n<p style=\"text-align: center;\"><a href=\"http:\/\/lacmercier.ca\/wp-content\/uploads\/2019\/12\/L.-Tremblay_yoga-en-coeur.jpg\"><img loading=\"lazy\" decoding=\"async\" class=\"size-medium wp-image-4084 aligncenter\" src=\"http:\/\/lacmercier.ca\/wp-content\/uploads\/2019\/12\/L.-Tremblay_yoga-en-coeur-238x300.jpg\" alt=\"\" width=\"238\" height=\"300\" srcset=\"https:\/\/lacmercier.ca\/wp-content\/uploads\/2019\/12\/L.-Tremblay_yoga-en-coeur-238x300.jpg 238w, https:\/\/lacmercier.ca\/wp-content\/uploads\/2019\/12\/L.-Tremblay_yoga-en-coeur.jpg 523w\" sizes=\"auto, (max-width: 238px) 100vw, 238px\" \/><\/a>Lydia Tremblay: Yoga en coeur<\/p>\n<pre style=\"text-align: center;\"><span style=\"font-family: Comic Sans MS, sans-serif; font-size: 14pt;\"><strong><em>A<\/em><\/strong><strong><em> 24 hour CHRONOLOGY of life on the lake<\/em><\/strong><\/span><\/pre>\n<p><em>&nbsp;<\/em><\/p>\n<p style=\"text-align: center;\"><span style=\"font-size: 12pt; font-family: Arial Black, Avant Garde; color: #ff0000;\"><strong><span style=\"font-family: Arial, Helvetica, sans-serif;\"><em>&#8220;GOLD&#8221; medal:<\/em><\/span><\/strong><\/span><\/p>\n<p style=\"text-align: center;\"><em><a href=\"http:\/\/lacmercier.ca\/wp-content\/uploads\/2019\/12\/T.-Borduas_ciel-en-feu-2.jpg\"><img loading=\"lazy\" decoding=\"async\" class=\"size-medium wp-image-4048 aligncenter\" src=\"http:\/\/lacmercier.ca\/wp-content\/uploads\/2019\/12\/T.-Borduas_ciel-en-feu-2-300x225.jpg\" alt=\"\" width=\"300\" height=\"225\" srcset=\"https:\/\/lacmercier.ca\/wp-content\/uploads\/2019\/12\/T.-Borduas_ciel-en-feu-2-300x225.jpg 300w, https:\/\/lacmercier.ca\/wp-content\/uploads\/2019\/12\/T.-Borduas_ciel-en-feu-2-768x576.jpg 768w, https:\/\/lacmercier.ca\/wp-content\/uploads\/2019\/12\/T.-Borduas_ciel-en-feu-2.jpg 1024w\" sizes=\"auto, (max-width: 300px) 100vw, 300px\" \/><\/a><\/em>Th\u00e9r\u00e8se Borduas: Le ciel est en feu!<\/p>\n<p style=\"text-align: center;\"><span style=\"font-size: 12pt; font-family: Arial Black, Avant Garde; color: #ff0000;\"><strong>&#8220;SILVER&#8221; medal:<\/strong><\/span><\/p>\n<p style=\"text-align: center;\"><a href=\"http:\/\/lacmercier.ca\/wp-content\/uploads\/2019\/12\/F.-Caron_matin\u00e9e-paisible-au-lac.jpg\"><img loading=\"lazy\" decoding=\"async\" class=\"size-medium wp-image-4082 aligncenter\" src=\"http:\/\/lacmercier.ca\/wp-content\/uploads\/2019\/12\/F.-Caron_matin\u00e9e-paisible-au-lac-300x225.jpg\" alt=\"\" width=\"300\" height=\"225\" srcset=\"https:\/\/lacmercier.ca\/wp-content\/uploads\/2019\/12\/F.-Caron_matin\u00e9e-paisible-au-lac-300x225.jpg 300w, https:\/\/lacmercier.ca\/wp-content\/uploads\/2019\/12\/F.-Caron_matin\u00e9e-paisible-au-lac.jpg 701w\" sizes=\"auto, (max-width: 300px) 100vw, 300px\" \/><\/a>France Caron: Par une matin\u00e9e paisible au lac<\/p>\n<p style=\"text-align: center;\"><span style=\"font-size: 12pt; font-family: Arial Black, Avant Garde; color: #ff0000;\"><strong>&nbsp;&#8220;BRONZE&#8221; medal:<\/strong><\/span><\/p>\n<p style=\"text-align: center;\"><a href=\"http:\/\/lacmercier.ca\/wp-content\/uploads\/2019\/12\/F-M.-Labb\u00e9_-cest-loin-le-village.jpg\"><img loading=\"lazy\" decoding=\"async\" class=\"size-medium wp-image-4080 aligncenter\" src=\"http:\/\/lacmercier.ca\/wp-content\/uploads\/2019\/12\/F-M.-Labb\u00e9_-cest-loin-le-village-300x225.jpg\" alt=\"\" width=\"300\" height=\"225\" srcset=\"https:\/\/lacmercier.ca\/wp-content\/uploads\/2019\/12\/F-M.-Labb\u00e9_-cest-loin-le-village-300x225.jpg 300w, https:\/\/lacmercier.ca\/wp-content\/uploads\/2019\/12\/F-M.-Labb\u00e9_-cest-loin-le-village-768x576.jpg 768w, https:\/\/lacmercier.ca\/wp-content\/uploads\/2019\/12\/F-M.-Labb\u00e9_-cest-loin-le-village.jpg 770w\" sizes=\"auto, (max-width: 300px) 100vw, 300px\" \/><\/a>Fran\u00e7ois-Mario Labb\u00e9: C&#8217;est loin le village&#8230;<\/p>\n<p style=\"text-align: center;\"><span style=\"font-family: Arial Black, Avant Garde; font-size: 12pt; color: #ff0000;\"><strong>&#8220;and ANOTHER WINNER&#8221;!<\/strong><\/span><\/p>\n<p style=\"text-align: center;\"><a href=\"http:\/\/lacmercier.ca\/wp-content\/uploads\/2019\/12\/N.-Guindon_m\u00e9ditation.jpg\"><img loading=\"lazy\" decoding=\"async\" class=\"size-medium wp-image-4087 aligncenter\" src=\"http:\/\/lacmercier.ca\/wp-content\/uploads\/2019\/12\/N.-Guindon_m\u00e9ditation-225x300.jpg\" alt=\"\" width=\"225\" height=\"300\" srcset=\"https:\/\/lacmercier.ca\/wp-content\/uploads\/2019\/12\/N.-Guindon_m\u00e9ditation-225x300.jpg 225w, https:\/\/lacmercier.ca\/wp-content\/uploads\/2019\/12\/N.-Guindon_m\u00e9ditation.jpg 600w\" sizes=\"auto, (max-width: 225px) 100vw, 225px\" \/><\/a>Normand Guindon: &#8230;en m\u00e9ditation&#8230;<\/p>\n<pre style=\"text-align: center;\"><span style=\"font-size: 12pt;\"><em><strong><span style=\"font-family: Comic Sans MS, sans-serif;\">T\u00e9moignages et id\u00e9es \"ferment\u00e9es\"...<\/span><\/strong><\/em><\/span><\/pre>\n<p style=\"text-align: center;\"><span style=\"font-family: Arial, Helvetica, sans-serif;\"><em><span style=\"font-size: 12pt; font-family: Arial Black, Avant Garde; color: #ff0000;\"><strong>&#8220;GOLD&#8221; medal:<\/strong><\/span><\/em><\/span><\/p>\n<p><em><span style=\"font-family: Comic Sans MS, sans-serif;\"><strong><u>Id\u00e9e<\/u>&nbsp;:<\/strong> <\/span><\/em><\/p>\n<p><em><span style=\"font-family: Comic Sans MS, sans-serif;\"><strong>R\u00e9pertoire cr\u00e9\u00e9 et mis-\u00e0-jour sur le Site WEB de l\u2019ALM contenant les noms, coordonn\u00e9es et r\u00e9f\u00e9rences de personnes ressources (contracteurs, femmes de m\u00e9nage, bois de foyer, \u00e9mondeur, Homme \u00e0 tout faire, plombier, \u00e9lectricien, etc.) <\/strong><strong>pour le b\u00e9n\u00e9fice de tous et chacun&nbsp;:<\/strong><\/span><\/em><\/p>\n<p><em><span style=\"font-family: Comic Sans MS, sans-serif;\"><strong>Suggestion&nbsp;: <\/strong><\/span><\/em><\/p>\n<p><em><span style=\"font-family: Comic Sans MS, sans-serif;\"><strong>\u201cFor the sub-division in which we live, I email new residents three&nbsp; documents which I produced called: &#8220;Directory&#8221;,&nbsp; &#8220;Did you know&#8230;?&#8221;, and &#8220;Contractors and Services Our Residents Have Hired&#8221;. <\/strong><\/span><\/em><\/p>\n<p><em><span style=\"font-family: Comic Sans MS, sans-serif;\"><strong>&nbsp;<\/strong><\/span><\/em><\/p>\n<p><em><strong><span style=\"font-family: Comic Sans MS, sans-serif;\">A lot of work to set up, but so very useful and easy to maintain. Example: Who built your fence? When is garbage day? Does your child babysit?&nbsp;\u00bb&nbsp;<\/span> <\/strong><\/em><\/p>\n<p><em><span style=\"font-family: Comic Sans MS, sans-serif;\"><strong>Christine Krisa<\/strong><\/span><\/em><\/p>\n<p>&nbsp;<\/p>\n<p style=\"text-align: center;\"><span style=\"font-size: 12pt; font-family: Arial Black, Avant Garde; color: #ff0000;\"><strong>&#8220;SILVER&#8221; medal:<\/strong><\/span><\/p>\n<p><span style=\"font-family: Comic Sans MS, sans-serif;\"><em><strong>Bonne id\u00e9e, ce concours de photos. C\u2019est rassembleur &#x1f60a;<\/strong><\/em><\/span><\/p>\n<p><span style=\"font-family: Comic Sans MS, sans-serif;\"><em><strong>A+<\/strong><\/em><\/span><\/p>\n<p><span style=\"font-family: Comic Sans MS, sans-serif;\"><em><strong>Diane Bergeron<br \/>\n<\/strong><\/em><\/span><\/p>\n<p>&nbsp;<\/p>\n","protected":false},"excerpt":{"rendered":"<p>&nbsp; PHOTO contest 2019 &nbsp;OUR LAKE HAS A SOUL !&nbsp;\u00bb&nbsp;&nbsp; AND HAS A PROMISING FUTURE\u2026 We invite you to enjoy several photos displaying our diversity at our lake, it&#8217;s richness and the privileged well-being of it&#8217;s residents and holidayers. Your photos have been grouped into three categories: &nbsp;and&nbsp; the WINNERS are \u2026 Life \u2026 ON<span class=\"excerpt-ellipsis\">&#8230;<\/span><\/p>\n<p><a class=\"more-link\" href=\"https:\/\/lacmercier.ca\/en\/life-at-lac-mercier\/\" itemprop=\"url\">Continue Reading<\/a><\/p>\n","protected":false},"author":2,"featured_media":0,"parent":0,"menu_order":0,"comment_status":"closed","ping_status":"closed","template":"","meta":{"footnotes":""},"class_list":["post-3937","page","type-page","status-publish","hentry"],"_links":{"self":[{"href":"https:\/\/lacmercier.ca\/en\/wp-json\/wp\/v2\/pages\/3937","targetHints":{"allow":["GET"]}}],"collection":[{"href":"https:\/\/lacmercier.ca\/en\/wp-json\/wp\/v2\/pages"}],"about":[{"href":"https:\/\/lacmercier.ca\/en\/wp-json\/wp\/v2\/types\/page"}],"author":[{"embeddable":true,"href":"https:\/\/lacmercier.ca\/en\/wp-json\/wp\/v2\/users\/2"}],"replies":[{"embeddable":true,"href":"https:\/\/lacmercier.ca\/en\/wp-json\/wp\/v2\/comments?post=3937"}],"version-history":[{"count":24,"href":"https:\/\/lacmercier.ca\/en\/wp-json\/wp\/v2\/pages\/3937\/revisions"}],"predecessor-version":[{"id":5031,"href":"https:\/\/lacmercier.ca\/en\/wp-json\/wp\/v2\/pages\/3937\/revisions\/5031"}],"wp:attachment":[{"href":"https:\/\/lacmercier.ca\/en\/wp-json\/wp\/v2\/media?parent=3937"}],"curies":[{"name":"wp","href":"https:\/\/api.w.org\/{rel}","templated":true}]}}